{"id":1958,"date":"2020-05-07T08:35:38","date_gmt":"2020-05-07T08:35:38","guid":{"rendered":"http:\/\/localhost\/theratio\/?page_id=1958"},"modified":"2026-03-19T15:15:40","modified_gmt":"2026-03-19T15:15:40","slug":"rreth-nesh","status":"publish","type":"page","link":"https:\/\/tur-cobo.com\/en\/rreth-nesh\/","title":{"rendered":"About Us"},"content":{"rendered":"\t\t<div data-elementor-type=\"wp-page\" data-elementor-id=\"1958\" class=\"elementor elementor-1958\" data-elementor-post-type=\"page\">\n\t\t\t\t\t\t<section class=\"elementor-section elementor-top-section elementor-element elementor-element-bdd9939 elementor-section-content-middle elementor-section-boxed elementor-section-height-default elementor-section-height-default\" data-id=\"bdd9939\" data-element_type=\"section\" data-e-type=\"section\">\n\t\t\t\t\t\t<div class=\"elementor-container elementor-column-gap-extended\">\n\t\t\t\t\t<div class=\"elementor-column elementor-col-50 elementor-top-column elementor-element elementor-element-12b070d ot-flex-column-vertical\" data-id=\"12b070d\" data-element_type=\"column\" data-e-type=\"column\">\n\t\t\t<div class=\"elementor-widget-wrap elementor-element-populated\">\n\t\t\t\t\t\t<div class=\"elementor-element elementor-element-ea70568 elementor-widget elementor-widget-image\" data-id=\"ea70568\" data-element_type=\"widget\" data-e-type=\"widget\" data-widget_type=\"image.default\">\n\t\t\t\t<div class=\"elementor-widget-container\">\n\t\t\t\t\t\t\t\t\t\t\t\t\t\t\t<img fetchpriority=\"high\" decoding=\"async\" width=\"1080\" height=\"1080\" src=\"https:\/\/tur-cobo.com\/wp-content\/uploads\/2022\/02\/test-1.png\" class=\"attachment-full size-full wp-image-4604\" alt=\"\" srcset=\"https:\/\/tur-cobo.com\/wp-content\/uploads\/2022\/02\/test-1.png 1080w, https:\/\/tur-cobo.com\/wp-content\/uploads\/2022\/02\/test-1-300x300.png 300w, https:\/\/tur-cobo.com\/wp-content\/uploads\/2022\/02\/test-1-1024x1024.png 1024w, https:\/\/tur-cobo.com\/wp-content\/uploads\/2022\/02\/test-1-150x150.png 150w, https:\/\/tur-cobo.com\/wp-content\/uploads\/2022\/02\/test-1-768x768.png 768w, https:\/\/tur-cobo.com\/wp-content\/uploads\/2022\/02\/test-1-12x12.png 12w, https:\/\/tur-cobo.com\/wp-content\/uploads\/2022\/02\/test-1-720x720.png 720w, https:\/\/tur-cobo.com\/wp-content\/uploads\/2022\/02\/test-1-600x600.png 600w, https:\/\/tur-cobo.com\/wp-content\/uploads\/2022\/02\/test-1-100x100.png 100w\" sizes=\"(max-width: 1080px) 100vw, 1080px\" \/>\t\t\t\t\t\t\t\t\t\t\t\t\t\t\t<\/div>\n\t\t\t\t<\/div>\n\t\t\t\t\t<\/div>\n\t\t<\/div>\n\t\t\t\t<div class=\"elementor-column elementor-col-50 elementor-top-column elementor-element elementor-element-c955026 ot-flex-column-vertical\" data-id=\"c955026\" data-element_type=\"column\" data-e-type=\"column\">\n\t\t\t<div class=\"elementor-widget-wrap elementor-element-populated\">\n\t\t\t\t\t\t<div class=\"elementor-element elementor-element-94474d6 elementor-widget elementor-widget-iheading\" data-id=\"94474d6\" data-element_type=\"widget\" data-e-type=\"widget\" data-widget_type=\"iheading.default\">\n\t\t\t\t<div class=\"elementor-widget-container\">\n\t\t\t\t\t\t\t<div class=\"ot-heading is-dots\">\r\n\t        <span>[ RRETH KOMPANIS\u00cb ]<\/span>\t        <h2 class=\"main-heading\">Trokisni n\u00eb der\u00ebn e cil\u00ebsis\u00eb<\/h2>\t    <\/div>\r\n\t    \t\t\t\t<\/div>\n\t\t\t\t<\/div>\n\t\t\t\t<div class=\"elementor-element elementor-element-4408703 elementor-widget elementor-widget-text-editor\" data-id=\"4408703\" data-element_type=\"widget\" data-e-type=\"widget\" data-widget_type=\"text-editor.default\">\n\t\t\t\t<div class=\"elementor-widget-container\">\n\t\t\t\t\t\t\t\t\tMbi 27 vjet histori n\u00eb prodhimin e dyerve \u201cTUR COBO\u201d \u00ebsht\u00eb nj\u00eb nga lider\u00ebt shqip\u00ebtar n\u00eb projektimin, nd\u00ebrtimin dhe shitjen e dyerve t\u00eb brendshme. Nga dyert klasike prej druri deri tek dizajnet m\u00eb bashk\u00ebkohore ne p\u00ebrmbushim k\u00ebrkesat e nj\u00eb kompanie gjithnj\u00eb e m\u00eb t\u00eb sofistikuar\ntreg, duke p\u00ebrdorur kritere n\u00eb p\u00ebrputhje me m\u00eb t\u00eb fundit n\u00eb dizajnin e brendsh\u00ebm dhe duke ofruar nj\u00eb gam\u00eb e plot\u00eb zgjidhjesh p\u00ebr t\u00eb dekoruar me stil \u00e7do ambient, \nklasik dhe modern.\n\t\t\t\t\t\t\t\t<\/div>\n\t\t\t\t<\/div>\n\t\t\t\t<div class=\"elementor-element elementor-element-f73b984 elementor-widget elementor-widget-ibutton\" data-id=\"f73b984\" data-element_type=\"widget\" data-e-type=\"widget\" data-widget_type=\"ibutton.default\">\n\t\t\t\t<div class=\"elementor-widget-container\">\n\t\t\t\t\t\t\t<div class=\"ot-button\">\r\n\t\t\t<a href=\"http:\/\/tur-cobo.com\/kategorite\/\" class=\"octf-btn octf-btn-dark\">Shiko Modelet<\/a>\r\n\t    <\/div>\r\n\t    \t\t\t\t<\/div>\n\t\t\t\t<\/div>\n\t\t\t\t\t<\/div>\n\t\t<\/div>\n\t\t\t\t\t<\/div>\n\t\t<\/section>\n\t\t\t\t<section class=\"elementor-section elementor-top-section elementor-element elementor-element-f29829f elementor-section-boxed elementor-section-height-default elementor-section-height-default\" data-id=\"f29829f\" data-element_type=\"section\" data-e-type=\"section\" data-settings=\"{&quot;background_background&quot;:&quot;classic&quot;}\">\n\t\t\t\t\t\t<div class=\"elementor-container elementor-column-gap-extended\">\n\t\t\t\t\t<div class=\"elementor-column elementor-col-25 elementor-top-column elementor-element elementor-element-1a92680 ot-flex-column-vertical\" data-id=\"1a92680\" data-element_type=\"column\" data-e-type=\"column\">\n\t\t\t<div class=\"elementor-widget-wrap elementor-element-populated\">\n\t\t\t\t\t\t<div class=\"elementor-element elementor-element-eef8e42 elementor-widget elementor-widget-icounter\" data-id=\"eef8e42\" data-element_type=\"widget\" data-e-type=\"widget\" data-widget_type=\"icounter.default\">\n\t\t\t\t<div class=\"elementor-widget-container\">\n\t\t\t\t\t    \t<div class=\"ot-counter\" data-counter=\"5000\">\r\n        \t<div>\r\n        \t\t<span>[<\/span>\r\n        \t\t<span class=\"num\" data-to=\"5000\" data-time= \"2000\"><\/span>\r\n        \t\t<span>+]<\/span>\r\n        \t<\/div>\r\n        \t<h6 class=\"counter-title\">Klient\u00eb t\u00eb K\u00ebnaqur<\/h6>    \t\t\t\t        \r\n\t    <\/div>\r\n\t    \t\t\t\t<\/div>\n\t\t\t\t<\/div>\n\t\t\t\t\t<\/div>\n\t\t<\/div>\n\t\t\t\t<div class=\"elementor-column elementor-col-25 elementor-top-column elementor-element elementor-element-f8fc162 ot-flex-column-vertical\" data-id=\"f8fc162\" data-element_type=\"column\" data-e-type=\"column\">\n\t\t\t<div class=\"elementor-widget-wrap elementor-element-populated\">\n\t\t\t\t\t\t<div class=\"elementor-element elementor-element-0571103 elementor-widget elementor-widget-icounter\" data-id=\"0571103\" data-element_type=\"widget\" data-e-type=\"widget\" data-widget_type=\"icounter.default\">\n\t\t\t\t<div class=\"elementor-widget-container\">\n\t\t\t\t\t    \t<div class=\"ot-counter\" data-counter=\"27\">\r\n        \t<div>\r\n        \t\t<span>[<\/span>\r\n        \t\t<span class=\"num\" data-to=\"27\" data-time= \"2000\"><\/span>\r\n        \t\t<span>+]<\/span>\r\n        \t<\/div>\r\n        \t<h6 class=\"counter-title\">vite eksperienc\u00eb<\/h6>    \t\t\t\t        \r\n\t    <\/div>\r\n\t    \t\t\t\t<\/div>\n\t\t\t\t<\/div>\n\t\t\t\t\t<\/div>\n\t\t<\/div>\n\t\t\t\t<div class=\"elementor-column elementor-col-25 elementor-top-column elementor-element elementor-element-26cc338 ot-flex-column-vertical\" data-id=\"26cc338\" data-element_type=\"column\" data-e-type=\"column\">\n\t\t\t<div class=\"elementor-widget-wrap elementor-element-populated\">\n\t\t\t\t\t\t<div class=\"elementor-element elementor-element-8fdddd2 elementor-widget elementor-widget-icounter\" data-id=\"8fdddd2\" data-element_type=\"widget\" data-e-type=\"widget\" data-widget_type=\"icounter.default\">\n\t\t\t\t<div class=\"elementor-widget-container\">\n\t\t\t\t\t    \t<div class=\"ot-counter\" data-counter=\"2\">\r\n        \t<div>\r\n        \t\t<span>[<\/span>\r\n        \t\t<span class=\"num\" data-to=\"2\" data-time= \"2000\"><\/span>\r\n        \t\t<span>+]<\/span>\r\n        \t<\/div>\r\n        \t<h6 class=\"counter-title\">showroom-e<\/h6>    \t\t\t\t        \r\n\t    <\/div>\r\n\t    \t\t\t\t<\/div>\n\t\t\t\t<\/div>\n\t\t\t\t\t<\/div>\n\t\t<\/div>\n\t\t\t\t<div class=\"elementor-column elementor-col-25 elementor-top-column elementor-element elementor-element-2280bdf ot-flex-column-vertical\" data-id=\"2280bdf\" data-element_type=\"column\" data-e-type=\"column\">\n\t\t\t<div class=\"elementor-widget-wrap elementor-element-populated\">\n\t\t\t\t\t\t<div class=\"elementor-element elementor-element-6b25206 elementor-widget elementor-widget-icounter\" data-id=\"6b25206\" data-element_type=\"widget\" data-e-type=\"widget\" data-widget_type=\"icounter.default\">\n\t\t\t\t<div class=\"elementor-widget-container\">\n\t\t\t\t\t    \t<div class=\"ot-counter\" data-counter=\"10000\">\r\n        \t<div>\r\n        \t\t<span>[<\/span>\r\n        \t\t<span class=\"num\" data-to=\"10000\" data-time= \"2000\"><\/span>\r\n        \t\t<span>+]<\/span>\r\n        \t<\/div>\r\n        \t<h6 class=\"counter-title\">dyer t\u00eb prodhuara<\/h6>    \t\t\t\t        \r\n\t    <\/div>\r\n\t    \t\t\t\t<\/div>\n\t\t\t\t<\/div>\n\t\t\t\t\t<\/div>\n\t\t<\/div>\n\t\t\t\t\t<\/div>\n\t\t<\/section>\n\t\t\t\t<section class=\"elementor-section elementor-top-section elementor-element elementor-element-a885e6e elementor-section-boxed elementor-section-height-default elementor-section-height-default\" data-id=\"a885e6e\" data-element_type=\"section\" data-e-type=\"section\" data-settings=\"{&quot;background_background&quot;:&quot;classic&quot;}\">\n\t\t\t\t\t\t\t<div class=\"elementor-background-overlay\"><\/div>\n\t\t\t\t\t\t\t<div class=\"elementor-container elementor-column-gap-default\">\n\t\t\t\t\t<div class=\"elementor-column elementor-col-100 elementor-top-column elementor-element elementor-element-80dda1e ot-flex-column-vertical\" data-id=\"80dda1e\" data-element_type=\"column\" data-e-type=\"column\">\n\t\t\t<div class=\"elementor-widget-wrap elementor-element-populated\">\n\t\t\t\t\t\t<div class=\"elementor-element elementor-element-04ddae5 theratio-align-center elementor-widget elementor-widget-iheading\" data-id=\"04ddae5\" data-element_type=\"widget\" data-e-type=\"widget\" data-widget_type=\"iheading.default\">\n\t\t\t\t<div class=\"elementor-widget-container\">\n\t\t\t\t\t\t\t<div class=\"ot-heading is-dots\">\r\n\t        <span>[ Arti mund t\u00eb varet n\u00eb nj\u00eb mur, ose mund t\u00eb jet\u00eb nj\u00eb kalim n\u00ebp\u00ebr mur.  ]<\/span>\t        <h2 class=\"main-heading\">Po k\u00ebrkoni ide p\u00ebr dyert e ambjentit tuaj?<\/h2>\t    <\/div>\r\n\t    \t\t\t\t<\/div>\n\t\t\t\t<\/div>\n\t\t\t\t<section class=\"elementor-section elementor-inner-section elementor-element elementor-element-b820fc7 elementor-section-full_width elementor-section-height-default elementor-section-height-default\" data-id=\"b820fc7\" data-element_type=\"section\" data-e-type=\"section\">\n\t\t\t\t\t\t<div class=\"elementor-container elementor-column-gap-extended\">\n\t\t\t\t\t<div class=\"elementor-column elementor-col-33 elementor-inner-column elementor-element elementor-element-33a2c31 ot-flex-column-vertical\" data-id=\"33a2c31\" data-element_type=\"column\" data-e-type=\"column\">\n\t\t\t<div class=\"elementor-widget-wrap elementor-element-populated\">\n\t\t\t\t\t\t<div class=\"elementor-element elementor-element-43416c5 elementor-widget elementor-widget-iflip_box\" data-id=\"43416c5\" data-element_type=\"widget\" data-e-type=\"widget\" data-widget_type=\"iflip_box.default\">\n\t\t\t\t<div class=\"elementor-widget-container\">\n\t\t\t\t\t\r\n\t\t<div class=\"support-box\">\r\n\t\t\t<div class=\"inner-box\">\r\n\t\t\t\t<div class=\"overlay flex-middle\">\r\n\t\t\t\t\t<div class=\"inner\">\r\n\t\t\t\t\t\t<p>Dera \u00ebsht\u00eb pjesa e par\u00eb e nj\u00eb dhome hoteli q\u00eb p\u00ebrjetojn\u00eb klient\u00ebt dhe ne p\u00ebrkujdesemi qe impakti i par\u00eb te jete mbres\u00ebl\u00ebn\u00ebs.<\/p>\r\n\t\t\t\t\t<\/div>\r\n\t\t\t\t<\/div>\r\n\t\t\t\t<div class=\"content-box\">\r\n\t\t\t\t\t<div class=\"icon-title\">\r\n\t\t\t\t        \t\t\t\t        \t\t\t\t\t        \t\t\t\t        \t\t\t\t        <h5 class=\"support-box-title\">Dyer Hoteli<\/h5>\t\t\t        <\/div>\r\n\t\t\t\t\t<img decoding=\"async\" width=\"500\" height=\"500\" src=\"https:\/\/tur-cobo.com\/wp-content\/uploads\/2022\/03\/hoteli.jpg\" class=\"attachment-full size-full wp-image-4884\" alt=\"\" srcset=\"https:\/\/tur-cobo.com\/wp-content\/uploads\/2022\/03\/hoteli.jpg 500w, https:\/\/tur-cobo.com\/wp-content\/uploads\/2022\/03\/hoteli-300x300.jpg 300w, https:\/\/tur-cobo.com\/wp-content\/uploads\/2022\/03\/hoteli-150x150.jpg 150w, https:\/\/tur-cobo.com\/wp-content\/uploads\/2022\/03\/hoteli-100x100.jpg 100w\" sizes=\"(max-width: 500px) 100vw, 500px\" \/>\t\t\t\t<\/div>\r\n\t\t\t<\/div>\r\n\t    <\/div>\r\n\r\n\t    \t\t\t\t<\/div>\n\t\t\t\t<\/div>\n\t\t\t\t\t<\/div>\n\t\t<\/div>\n\t\t\t\t<div class=\"elementor-column elementor-col-33 elementor-inner-column elementor-element elementor-element-d8acae6 ot-flex-column-vertical\" data-id=\"d8acae6\" data-element_type=\"column\" data-e-type=\"column\">\n\t\t\t<div class=\"elementor-widget-wrap elementor-element-populated\">\n\t\t\t\t\t\t<div class=\"elementor-element elementor-element-670ad0b elementor-widget elementor-widget-iflip_box\" data-id=\"670ad0b\" data-element_type=\"widget\" data-e-type=\"widget\" data-widget_type=\"iflip_box.default\">\n\t\t\t\t<div class=\"elementor-widget-container\">\n\t\t\t\t\t\r\n\t\t<div class=\"support-box\">\r\n\t\t\t<div class=\"inner-box\">\r\n\t\t\t\t<div class=\"overlay flex-middle\">\r\n\t\t\t\t\t<div class=\"inner\">\r\n\t\t\t\t\t\t<p><strong>D\u00ebshironi t'i jepni drit\u00eb dhomave tuaja? <\/strong><br>\nDyert tona prej xhami jan\u00eb zgjidhja ideale \nsepse ju lejojn\u00eb t\u00eb zgjidhni midis shum\u00ebllojshm\u00ebris\u00eb s\u00eb transparencave \ndhe dekorimeve.<\/p>\r\n\t\t\t\t\t<\/div>\r\n\t\t\t\t<\/div>\r\n\t\t\t\t<div class=\"content-box\">\r\n\t\t\t\t\t<div class=\"icon-title\">\r\n\t\t\t\t        \t\t\t\t        <span class=\"\"><\/span>\t\t\t\t        <h5 class=\"support-box-title\">Dyer Xhami<\/h5>\t\t\t        <\/div>\r\n\t\t\t\t\t<img decoding=\"async\" width=\"500\" height=\"500\" src=\"https:\/\/tur-cobo.com\/wp-content\/uploads\/2022\/03\/xhami.jpg\" class=\"attachment-full size-full wp-image-4885\" alt=\"\" srcset=\"https:\/\/tur-cobo.com\/wp-content\/uploads\/2022\/03\/xhami.jpg 500w, https:\/\/tur-cobo.com\/wp-content\/uploads\/2022\/03\/xhami-300x300.jpg 300w, https:\/\/tur-cobo.com\/wp-content\/uploads\/2022\/03\/xhami-150x150.jpg 150w, https:\/\/tur-cobo.com\/wp-content\/uploads\/2022\/03\/xhami-100x100.jpg 100w\" sizes=\"(max-width: 500px) 100vw, 500px\" \/>\t\t\t\t<\/div>\r\n\t\t\t<\/div>\r\n\t    <\/div>\r\n\r\n\t    \t\t\t\t<\/div>\n\t\t\t\t<\/div>\n\t\t\t\t<div class=\"elementor-element elementor-element-56cad48 elementor-widget elementor-widget-spacer\" data-id=\"56cad48\" data-element_type=\"widget\" data-e-type=\"widget\" data-widget_type=\"spacer.default\">\n\t\t\t\t<div class=\"elementor-widget-container\">\n\t\t\t\t\t\t\t<div class=\"elementor-spacer\">\n\t\t\t<div class=\"elementor-spacer-inner\"><\/div>\n\t\t<\/div>\n\t\t\t\t\t\t<\/div>\n\t\t\t\t<\/div>\n\t\t\t\t\t<\/div>\n\t\t<\/div>\n\t\t\t\t<div class=\"elementor-column elementor-col-33 elementor-inner-column elementor-element elementor-element-58b2164 ot-flex-column-vertical\" data-id=\"58b2164\" data-element_type=\"column\" data-e-type=\"column\">\n\t\t\t<div class=\"elementor-widget-wrap elementor-element-populated\">\n\t\t\t\t\t\t<div class=\"elementor-element elementor-element-bb36af6 elementor-widget elementor-widget-iflip_box\" data-id=\"bb36af6\" data-element_type=\"widget\" data-e-type=\"widget\" data-widget_type=\"iflip_box.default\">\n\t\t\t\t<div class=\"elementor-widget-container\">\n\t\t\t\t\t\r\n\t\t<div class=\"support-box\">\r\n\t\t\t<div class=\"inner-box\">\r\n\t\t\t\t<div class=\"overlay flex-middle\">\r\n\t\t\t\t\t<div class=\"inner\">\r\n\t\t\t\t\t\t<p>Dyert klasike jan\u00eb nj\u00eb m\u00ebnyr\u00eb e shk\u00eblqyer p\u00ebr t\u00eb pasuruar interiorin tuaj tradicional dhe p\u00ebr t\u00eb krijuar nj\u00eb atmosfer\u00eb t\u00eb ngroht\u00eb dhe sht\u00ebpiake.<\/p>\r\n\t\t\t\t\t<\/div>\r\n\t\t\t\t<\/div>\r\n\t\t\t\t<div class=\"content-box\">\r\n\t\t\t\t\t<div class=\"icon-title\">\r\n\t\t\t\t        \t\t\t\t        <span class=\"\"><\/span>\t\t\t\t        <h5 class=\"support-box-title\">Dyer Klasike<\/h5>\t\t\t        <\/div>\r\n\t\t\t\t\t<img loading=\"lazy\" decoding=\"async\" width=\"500\" height=\"500\" src=\"https:\/\/tur-cobo.com\/wp-content\/uploads\/2022\/03\/klasike.jpg\" class=\"attachment-full size-full wp-image-4883\" alt=\"\" srcset=\"https:\/\/tur-cobo.com\/wp-content\/uploads\/2022\/03\/klasike.jpg 500w, https:\/\/tur-cobo.com\/wp-content\/uploads\/2022\/03\/klasike-300x300.jpg 300w, https:\/\/tur-cobo.com\/wp-content\/uploads\/2022\/03\/klasike-150x150.jpg 150w, https:\/\/tur-cobo.com\/wp-content\/uploads\/2022\/03\/klasike-100x100.jpg 100w\" sizes=\"(max-width: 500px) 100vw, 500px\" \/>\t\t\t\t<\/div>\r\n\t\t\t<\/div>\r\n\t    <\/div>\r\n\r\n\t    \t\t\t\t<\/div>\n\t\t\t\t<\/div>\n\t\t\t\t\t<\/div>\n\t\t<\/div>\n\t\t\t\t\t<\/div>\n\t\t<\/section>\n\t\t\t\t<div class=\"elementor-element elementor-element-9309a2a elementor-widget elementor-widget-spacer\" data-id=\"9309a2a\" data-element_type=\"widget\" data-e-type=\"widget\" data-widget_type=\"spacer.default\">\n\t\t\t\t<div class=\"elementor-widget-container\">\n\t\t\t\t\t\t\t<div class=\"elementor-spacer\">\n\t\t\t<div class=\"elementor-spacer-inner\"><\/div>\n\t\t<\/div>\n\t\t\t\t\t\t<\/div>\n\t\t\t\t<\/div>\n\t\t\t\t<section class=\"elementor-section elementor-inner-section elementor-element elementor-element-4d6a362 elementor-section-full_width elementor-section-height-default elementor-section-height-default\" data-id=\"4d6a362\" data-element_type=\"section\" data-e-type=\"section\">\n\t\t\t\t\t\t<div class=\"elementor-container elementor-column-gap-extended\">\n\t\t\t\t\t<div class=\"elementor-column elementor-col-33 elementor-inner-column elementor-element elementor-element-521e6f1 ot-flex-column-vertical\" data-id=\"521e6f1\" data-element_type=\"column\" data-e-type=\"column\">\n\t\t\t<div class=\"elementor-widget-wrap elementor-element-populated\">\n\t\t\t\t\t\t<div class=\"elementor-element elementor-element-0892400 elementor-widget elementor-widget-iflip_box\" data-id=\"0892400\" data-element_type=\"widget\" data-e-type=\"widget\" data-widget_type=\"iflip_box.default\">\n\t\t\t\t<div class=\"elementor-widget-container\">\n\t\t\t\t\t\r\n\t\t<div class=\"support-box\">\r\n\t\t\t<div class=\"inner-box\">\r\n\t\t\t\t<div class=\"overlay flex-middle\">\r\n\t\t\t\t\t<div class=\"inner\">\r\n\t\t\t\t\t\t<p><strong>Zgjidhni dyert Filomuro <\/strong> <br>\nP\u00ebr t\u00eb marr\u00eb nj\u00eb estetik\u00eb jasht\u00ebzakonisht lineare, ku dera \u00ebsht\u00eb krejt\u00ebsisht e nj\u00ebtrajtshme me murin.<\/p>\r\n\t\t\t\t\t<\/div>\r\n\t\t\t\t<\/div>\r\n\t\t\t\t<div class=\"content-box\">\r\n\t\t\t\t\t<div class=\"icon-title\">\r\n\t\t\t\t        \t\t\t\t        \t\t\t\t\t        \t\t\t\t        \t\t\t\t        <h5 class=\"support-box-title\">Dyer Filomur<\/h5>\t\t\t        <\/div>\r\n\t\t\t\t\t<img loading=\"lazy\" decoding=\"async\" width=\"500\" height=\"500\" src=\"https:\/\/tur-cobo.com\/wp-content\/uploads\/2022\/03\/filomur.jpg\" class=\"attachment-full size-full wp-image-4888\" alt=\"\" srcset=\"https:\/\/tur-cobo.com\/wp-content\/uploads\/2022\/03\/filomur.jpg 500w, https:\/\/tur-cobo.com\/wp-content\/uploads\/2022\/03\/filomur-300x300.jpg 300w, https:\/\/tur-cobo.com\/wp-content\/uploads\/2022\/03\/filomur-150x150.jpg 150w, https:\/\/tur-cobo.com\/wp-content\/uploads\/2022\/03\/filomur-100x100.jpg 100w\" sizes=\"(max-width: 500px) 100vw, 500px\" \/>\t\t\t\t<\/div>\r\n\t\t\t<\/div>\r\n\t    <\/div>\r\n\r\n\t    \t\t\t\t<\/div>\n\t\t\t\t<\/div>\n\t\t\t\t\t<\/div>\n\t\t<\/div>\n\t\t\t\t<div class=\"elementor-column elementor-col-33 elementor-inner-column elementor-element elementor-element-478d175 ot-flex-column-vertical\" data-id=\"478d175\" data-element_type=\"column\" data-e-type=\"column\">\n\t\t\t<div class=\"elementor-widget-wrap elementor-element-populated\">\n\t\t\t\t\t\t<div class=\"elementor-element elementor-element-4893701 elementor-widget elementor-widget-iflip_box\" data-id=\"4893701\" data-element_type=\"widget\" data-e-type=\"widget\" data-widget_type=\"iflip_box.default\">\n\t\t\t\t<div class=\"elementor-widget-container\">\n\t\t\t\t\t\r\n\t\t<div class=\"support-box\">\r\n\t\t\t<div class=\"inner-box\">\r\n\t\t\t\t<div class=\"overlay flex-middle\">\r\n\t\t\t\t\t<div class=\"inner\">\r\n\t\t\t\t\t\t<p>P\u00ebrmir\u00ebsoni sht\u00ebpin\u00eb tuaj, duke p\u00ebrdorur dyer q\u00eb kompletojn\u00eb stilin tuaj t\u00eb brendsh\u00ebm.<\/p>\r\n\t\t\t\t\t<\/div>\r\n\t\t\t\t<\/div>\r\n\t\t\t\t<div class=\"content-box\">\r\n\t\t\t\t\t<div class=\"icon-title\">\r\n\t\t\t\t        \t\t\t\t        <span class=\"\"><\/span>\t\t\t\t        <h5 class=\"support-box-title\">Lines<\/h5>\t\t\t        <\/div>\r\n\t\t\t\t\t<img loading=\"lazy\" decoding=\"async\" width=\"500\" height=\"500\" src=\"https:\/\/tur-cobo.com\/wp-content\/uploads\/2022\/03\/lines1.jpg\" class=\"attachment-full size-full wp-image-4887\" alt=\"\" srcset=\"https:\/\/tur-cobo.com\/wp-content\/uploads\/2022\/03\/lines1.jpg 500w, https:\/\/tur-cobo.com\/wp-content\/uploads\/2022\/03\/lines1-300x300.jpg 300w, https:\/\/tur-cobo.com\/wp-content\/uploads\/2022\/03\/lines1-150x150.jpg 150w, https:\/\/tur-cobo.com\/wp-content\/uploads\/2022\/03\/lines1-100x100.jpg 100w\" sizes=\"(max-width: 500px) 100vw, 500px\" \/>\t\t\t\t<\/div>\r\n\t\t\t<\/div>\r\n\t    <\/div>\r\n\r\n\t    \t\t\t\t<\/div>\n\t\t\t\t<\/div>\n\t\t\t\t\t<\/div>\n\t\t<\/div>\n\t\t\t\t<div class=\"elementor-column elementor-col-33 elementor-inner-column elementor-element elementor-element-e9a7dd1 ot-flex-column-vertical\" data-id=\"e9a7dd1\" data-element_type=\"column\" data-e-type=\"column\">\n\t\t\t<div class=\"elementor-widget-wrap elementor-element-populated\">\n\t\t\t\t\t\t<div class=\"elementor-element elementor-element-a5c417e elementor-widget elementor-widget-iflip_box\" data-id=\"a5c417e\" data-element_type=\"widget\" data-e-type=\"widget\" data-widget_type=\"iflip_box.default\">\n\t\t\t\t<div class=\"elementor-widget-container\">\n\t\t\t\t\t\r\n\t\t<div class=\"support-box\">\r\n\t\t\t<div class=\"inner-box\">\r\n\t\t\t\t<div class=\"overlay flex-middle\">\r\n\t\t\t\t\t<div class=\"inner\">\r\n\t\t\t\t\t\t<p>Dyert tona elegante mund t\u00eb dallohen si nj\u00eb ve\u00e7ori dekorative m\u00eb vete, duke i dh\u00ebn\u00eb nj\u00eb pamje ndryshe ambjentit tuaj.<\/p>\r\n\t\t\t\t\t<\/div>\r\n\t\t\t\t<\/div>\r\n\t\t\t\t<div class=\"content-box\">\r\n\t\t\t\t\t<div class=\"icon-title\">\r\n\t\t\t\t        \t\t\t\t        <span class=\"\"><\/span>\t\t\t\t        <h5 class=\"support-box-title\">Veshje Muri<\/h5>\t\t\t        <\/div>\r\n\t\t\t\t\t<img loading=\"lazy\" decoding=\"async\" width=\"500\" height=\"500\" src=\"https:\/\/tur-cobo.com\/wp-content\/uploads\/2022\/03\/veshje-muri.jpg\" class=\"attachment-full size-full wp-image-4889\" alt=\"\" srcset=\"https:\/\/tur-cobo.com\/wp-content\/uploads\/2022\/03\/veshje-muri.jpg 500w, https:\/\/tur-cobo.com\/wp-content\/uploads\/2022\/03\/veshje-muri-300x300.jpg 300w, https:\/\/tur-cobo.com\/wp-content\/uploads\/2022\/03\/veshje-muri-150x150.jpg 150w, https:\/\/tur-cobo.com\/wp-content\/uploads\/2022\/03\/veshje-muri-100x100.jpg 100w\" sizes=\"(max-width: 500px) 100vw, 500px\" \/>\t\t\t\t<\/div>\r\n\t\t\t<\/div>\r\n\t    <\/div>\r\n\r\n\t    \t\t\t\t<\/div>\n\t\t\t\t<\/div>\n\t\t\t\t\t<\/div>\n\t\t<\/div>\n\t\t\t\t\t<\/div>\n\t\t<\/section>\n\t\t\t\t\t<\/div>\n\t\t<\/div>\n\t\t\t\t\t<\/div>\n\t\t<\/section>\n\t\t\t\t<section class=\"elementor-section elementor-top-section elementor-element elementor-element-7531c99 elementor-hidden-desktop elementor-hidden-tablet elementor-hidden-mobile elementor-section-boxed elementor-section-height-default elementor-section-height-default\" data-id=\"7531c99\" data-element_type=\"section\" data-e-type=\"section\">\n\t\t\t\t\t\t<div class=\"elementor-container elementor-column-gap-default\">\n\t\t\t\t\t<div class=\"elementor-column elementor-col-100 elementor-top-column elementor-element elementor-element-333d60f ot-flex-column-vertical\" data-id=\"333d60f\" data-element_type=\"column\" data-e-type=\"column\">\n\t\t\t<div class=\"elementor-widget-wrap\">\n\t\t\t\t\t\t\t<\/div>\n\t\t<\/div>\n\t\t\t\t\t<\/div>\n\t\t<\/section>\n\t\t\t\t<\/div>\n\t\t","protected":false},"excerpt":{"rendered":"<p>[ RRETH KOMPANIS\u00cb ] Trokisni n\u00eb der\u00ebn e cil\u00ebsis\u00eb Mbi 27 vjet histori n\u00eb prodhimin e dyerve \u201cTUR COBO\u201d \u00ebsht\u00eb nj\u00eb nga lider\u00ebt shqip\u00ebtar n\u00eb projektimin, nd\u00ebrtimin dhe shitjen e dyerve t\u00eb brendshme. Nga dyert klasike prej druri deri tek dizajnet m\u00eb bashk\u00ebkohore ne p\u00ebrmbushim k\u00ebrkesat e nj\u00eb kompanie gjithnj\u00eb e m\u00eb t\u00eb sofistikuar treg, [&hellip;]<\/p>\n","protected":false},"author":1,"featured_media":0,"parent":0,"menu_order":0,"comment_status":"closed","ping_status":"closed","template":"","meta":{"footnotes":""},"class_list":["post-1958","page","type-page","status-publish","hentry"],"_links":{"self":[{"href":"https:\/\/tur-cobo.com\/en\/wp-json\/wp\/v2\/pages\/1958","targetHints":{"allow":["GET"]}}],"collection":[{"href":"https:\/\/tur-cobo.com\/en\/wp-json\/wp\/v2\/pages"}],"about":[{"href":"https:\/\/tur-cobo.com\/en\/wp-json\/wp\/v2\/types\/page"}],"author":[{"embeddable":true,"href":"https:\/\/tur-cobo.com\/en\/wp-json\/wp\/v2\/users\/1"}],"replies":[{"embeddable":true,"href":"https:\/\/tur-cobo.com\/en\/wp-json\/wp\/v2\/comments?post=1958"}],"version-history":[{"count":98,"href":"https:\/\/tur-cobo.com\/en\/wp-json\/wp\/v2\/pages\/1958\/revisions"}],"predecessor-version":[{"id":5894,"href":"https:\/\/tur-cobo.com\/en\/wp-json\/wp\/v2\/pages\/1958\/revisions\/5894"}],"wp:attachment":[{"href":"https:\/\/tur-cobo.com\/en\/wp-json\/wp\/v2\/media?parent=1958"}],"curies":[{"name":"wp","href":"https:\/\/api.w.org\/{rel}","templated":true}]}}